{"id":2039,"date":"2016-06-11T14:25:44","date_gmt":"2016-06-11T14:25:44","guid":{"rendered":"http:\/\/demo.goodlayers.com\/infinite\/?page_id=2039"},"modified":"2025-04-24T12:17:50","modified_gmt":"2025-04-24T10:17:50","slug":"home","status":"publish","type":"page","link":"https:\/\/www.binarytec.de\/en\/","title":{"rendered":"Home"},"content":{"rendered":"","protected":false},"excerpt":{"rendered":"","protected":false},"author":1,"featured_media":0,"parent":0,"menu_order":0,"comment_status":"closed","ping_status":"closed","template":"","meta":{"footnotes":""},"class_list":["post-2039","page","type-page","status-publish","hentry"],"yoast_head":"<!-- This site is optimized with the Yoast SEO Premium plugin v21.9 (Yoast SEO v21.9.1) - https:\/\/yoast.com\/wordpress\/plugins\/seo\/ -->\n<title>BINARYTEC - Dein Partner f\u00fcr All-in-One Softwarel\u00f6sungen<\/title>\n<meta name=\"description\" content=\"Wir bieten branchenspezifische Komplettl\u00f6sungen mit Kassen, Soft- &amp; Hardware \u2013 alles aus einer Hand f\u00fcr Handel, Gastro &amp; Dienstleister.\" \/>\n<meta name=\"robots\" content=\"index, follow, max-snippet:-1, max-image-preview:large, max-video-preview:-1\" \/>\n<link rel=\"canonical\" href=\"https:\/\/www.binarytec.de\/en\/\" \/>\n<meta property=\"og:locale\" content=\"en_GB\" \/>\n<meta property=\"og:type\" content=\"article\" \/>\n<meta property=\"og:title\" content=\"Zutrittssteuerung | Kassensystem | Onlinebuchungssystem | Self-Service\" \/>\n<meta property=\"og:description\" content=\"Voll integrierte L\u00f6sungen - von der Onlinebuchung, \u00fcber die Zutrittsteuerung bis hin zum Kassensystem mit erstklassigen Self-Service-Terminals!\" \/>\n<meta property=\"og:url\" content=\"https:\/\/www.binarytec.de\/en\/\" \/>\n<meta property=\"og:site_name\" content=\"BINARYTEC GmbH\" \/>\n<meta property=\"article:publisher\" content=\"https:\/\/www.facebook.com\/binarytec.de\" \/>\n<meta property=\"article:modified_time\" content=\"2025-04-24T10:17:50+00:00\" \/>\n<meta property=\"og:image\" content=\"https:\/\/www.binarytec.de\/wp-content\/uploads\/2023\/06\/BINARYTEC_Self-Service-Terminals.jpg\" \/>\n\t<meta property=\"og:image:width\" content=\"1920\" \/>\n\t<meta property=\"og:image:height\" content=\"1080\" \/>\n\t<meta property=\"og:image:type\" content=\"image\/jpeg\" \/>\n<meta name=\"twitter:card\" content=\"summary_large_image\" \/>\n<meta name=\"twitter:title\" content=\"Zutrittssteuerung | Kassensystem | Onlinebuchungssystem | Self-Service\" \/>\n<meta name=\"twitter:description\" content=\"Voll integrierte L\u00f6sungen - von der Onlinebuchung, \u00fcber die Zutrittsteuerung bis hin zum Kassensystem mit erstklassigen Self-Service-Terminals!\" \/>\n<meta name=\"twitter:image\" content=\"https:\/\/www.binarytec.de\/wp-content\/uploads\/2023\/06\/BINARYTEC_Self-Service-Terminals.jpg\" \/>\n<meta name=\"twitter:label1\" content=\"Estimated reading time\" \/>\n\t<meta name=\"twitter:data1\" content=\"7 minutes\" \/>\n<script type=\"application\/ld+json\" class=\"yoast-schema-graph\">{\"@context\":\"https:\/\/schema.org\",\"@graph\":[{\"@type\":\"WebPage\",\"@id\":\"https:\/\/www.binarytec.de\/en\/\",\"url\":\"https:\/\/www.binarytec.de\/en\/\",\"name\":\"BINARYTEC - Dein Partner f\u00fcr All-in-One Softwarel\u00f6sungen\",\"isPartOf\":{\"@id\":\"https:\/\/www.binarytec.de\/en\/#website\"},\"datePublished\":\"2016-06-11T14:25:44+00:00\",\"dateModified\":\"2025-04-24T10:17:50+00:00\",\"description\":\"Wir bieten branchenspezifische Komplettl\u00f6sungen mit Kassen, Soft- & Hardware \u2013 alles aus einer Hand f\u00fcr Handel, Gastro & Dienstleister.\",\"breadcrumb\":{\"@id\":\"https:\/\/www.binarytec.de\/en\/#breadcrumb\"},\"inLanguage\":\"en-GB\",\"potentialAction\":[{\"@type\":\"ReadAction\",\"target\":[\"https:\/\/www.binarytec.de\/en\/\"]}]},{\"@type\":\"BreadcrumbList\",\"@id\":\"https:\/\/www.binarytec.de\/en\/#breadcrumb\",\"itemListElement\":[{\"@type\":\"ListItem\",\"position\":1,\"name\":\"Startseite\",\"item\":\"https:\/\/www.binarytec.de\/\"},{\"@type\":\"ListItem\",\"position\":2,\"name\":\"Home\"}]},{\"@type\":\"WebSite\",\"@id\":\"https:\/\/www.binarytec.de\/en\/#website\",\"url\":\"https:\/\/www.binarytec.de\/en\/\",\"name\":\"BINARYTEC GmbH\",\"description\":\"Wir bieten integrierte L\u00f6sungen - vom Kassensystem, Zutrittssteuerung bis hin zum Onlinbuchungssystem\",\"publisher\":{\"@id\":\"https:\/\/www.binarytec.de\/en\/#organization\"},\"potentialAction\":[{\"@type\":\"SearchAction\",\"target\":{\"@type\":\"EntryPoint\",\"urlTemplate\":\"https:\/\/www.binarytec.de\/en\/?s={search_term_string}\"},\"query-input\":\"required name=search_term_string\"}],\"inLanguage\":\"en-GB\"},{\"@type\":\"Organization\",\"@id\":\"https:\/\/www.binarytec.de\/en\/#organization\",\"name\":\"BINARYTEC GmbH\",\"url\":\"https:\/\/www.binarytec.de\/en\/\",\"logo\":{\"@type\":\"ImageObject\",\"inLanguage\":\"en-GB\",\"@id\":\"https:\/\/www.binarytec.de\/en\/#\/schema\/logo\/image\/\",\"url\":\"https:\/\/www.binarytec.de\/wp-content\/uploads\/2023\/07\/BINARYTEC_Logo-500-500_dark.png\",\"contentUrl\":\"https:\/\/www.binarytec.de\/wp-content\/uploads\/2023\/07\/BINARYTEC_Logo-500-500_dark.png\",\"width\":2000,\"height\":2000,\"caption\":\"BINARYTEC GmbH\"},\"image\":{\"@id\":\"https:\/\/www.binarytec.de\/en\/#\/schema\/logo\/image\/\"},\"sameAs\":[\"https:\/\/www.facebook.com\/binarytec.de\",\"https:\/\/www.instagram.com\/binarytec.de\/\",\"https:\/\/www.linkedin.com\/company\/81745192\/\"]}]}<\/script>\n<!-- \/ Yoast SEO Premium plugin. -->","yoast_head_json":{"title":"BINARYTEC - Dein Partner f\u00fcr All-in-One Softwarel\u00f6sungen","description":"Wir bieten branchenspezifische Komplettl\u00f6sungen mit Kassen, Soft- & Hardware \u2013 alles aus einer Hand f\u00fcr Handel, Gastro & Dienstleister.","robots":{"index":"index","follow":"follow","max-snippet":"max-snippet:-1","max-image-preview":"max-image-preview:large","max-video-preview":"max-video-preview:-1"},"canonical":"https:\/\/www.binarytec.de\/en\/","og_locale":"en_GB","og_type":"article","og_title":"Zutrittssteuerung | Kassensystem | Onlinebuchungssystem | Self-Service","og_description":"Voll integrierte L\u00f6sungen - von der Onlinebuchung, \u00fcber die Zutrittsteuerung bis hin zum Kassensystem mit erstklassigen Self-Service-Terminals!","og_url":"https:\/\/www.binarytec.de\/en\/","og_site_name":"BINARYTEC GmbH","article_publisher":"https:\/\/www.facebook.com\/binarytec.de","article_modified_time":"2025-04-24T10:17:50+00:00","og_image":[{"width":1920,"height":1080,"url":"https:\/\/www.binarytec.de\/wp-content\/uploads\/2023\/06\/BINARYTEC_Self-Service-Terminals.jpg","type":"image\/jpeg"}],"twitter_card":"summary_large_image","twitter_title":"Zutrittssteuerung | Kassensystem | Onlinebuchungssystem | Self-Service","twitter_description":"Voll integrierte L\u00f6sungen - von der Onlinebuchung, \u00fcber die Zutrittsteuerung bis hin zum Kassensystem mit erstklassigen Self-Service-Terminals!","twitter_image":"https:\/\/www.binarytec.de\/wp-content\/uploads\/2023\/06\/BINARYTEC_Self-Service-Terminals.jpg","twitter_misc":{"Estimated reading time":"7 minutes"},"schema":{"@context":"https:\/\/schema.org","@graph":[{"@type":"WebPage","@id":"https:\/\/www.binarytec.de\/en\/","url":"https:\/\/www.binarytec.de\/en\/","name":"BINARYTEC - Dein Partner f\u00fcr All-in-One Softwarel\u00f6sungen","isPartOf":{"@id":"https:\/\/www.binarytec.de\/en\/#website"},"datePublished":"2016-06-11T14:25:44+00:00","dateModified":"2025-04-24T10:17:50+00:00","description":"Wir bieten branchenspezifische Komplettl\u00f6sungen mit Kassen, Soft- & Hardware \u2013 alles aus einer Hand f\u00fcr Handel, Gastro & Dienstleister.","breadcrumb":{"@id":"https:\/\/www.binarytec.de\/en\/#breadcrumb"},"inLanguage":"en-GB","potentialAction":[{"@type":"ReadAction","target":["https:\/\/www.binarytec.de\/en\/"]}]},{"@type":"BreadcrumbList","@id":"https:\/\/www.binarytec.de\/en\/#breadcrumb","itemListElement":[{"@type":"ListItem","position":1,"name":"Startseite","item":"https:\/\/www.binarytec.de\/"},{"@type":"ListItem","position":2,"name":"Home"}]},{"@type":"WebSite","@id":"https:\/\/www.binarytec.de\/en\/#website","url":"https:\/\/www.binarytec.de\/en\/","name":"BINARYTEC GmbH","description":"Wir bieten integrierte L\u00f6sungen - vom Kassensystem, Zutrittssteuerung bis hin zum Onlinbuchungssystem","publisher":{"@id":"https:\/\/www.binarytec.de\/en\/#organization"},"potentialAction":[{"@type":"SearchAction","target":{"@type":"EntryPoint","urlTemplate":"https:\/\/www.binarytec.de\/en\/?s={search_term_string}"},"query-input":"required name=search_term_string"}],"inLanguage":"en-GB"},{"@type":"Organization","@id":"https:\/\/www.binarytec.de\/en\/#organization","name":"BINARYTEC GmbH","url":"https:\/\/www.binarytec.de\/en\/","logo":{"@type":"ImageObject","inLanguage":"en-GB","@id":"https:\/\/www.binarytec.de\/en\/#\/schema\/logo\/image\/","url":"https:\/\/www.binarytec.de\/wp-content\/uploads\/2023\/07\/BINARYTEC_Logo-500-500_dark.png","contentUrl":"https:\/\/www.binarytec.de\/wp-content\/uploads\/2023\/07\/BINARYTEC_Logo-500-500_dark.png","width":2000,"height":2000,"caption":"BINARYTEC GmbH"},"image":{"@id":"https:\/\/www.binarytec.de\/en\/#\/schema\/logo\/image\/"},"sameAs":["https:\/\/www.facebook.com\/binarytec.de","https:\/\/www.instagram.com\/binarytec.de\/","https:\/\/www.linkedin.com\/company\/81745192\/"]}]}},"_links":{"self":[{"href":"https:\/\/www.binarytec.de\/en\/wp-json\/wp\/v2\/pages\/2039","targetHints":{"allow":["GET"]}}],"collection":[{"href":"https:\/\/www.binarytec.de\/en\/wp-json\/wp\/v2\/pages"}],"about":[{"href":"https:\/\/www.binarytec.de\/en\/wp-json\/wp\/v2\/types\/page"}],"author":[{"embeddable":true,"href":"https:\/\/www.binarytec.de\/en\/wp-json\/wp\/v2\/users\/1"}],"replies":[{"embeddable":true,"href":"https:\/\/www.binarytec.de\/en\/wp-json\/wp\/v2\/comments?post=2039"}],"version-history":[{"count":5,"href":"https:\/\/www.binarytec.de\/en\/wp-json\/wp\/v2\/pages\/2039\/revisions"}],"predecessor-version":[{"id":6204,"href":"https:\/\/www.binarytec.de\/en\/wp-json\/wp\/v2\/pages\/2039\/revisions\/6204"}],"wp:attachment":[{"href":"https:\/\/www.binarytec.de\/en\/wp-json\/wp\/v2\/media?parent=2039"}],"curies":[{"name":"wp","href":"https:\/\/api.w.org\/{rel}","templated":true}]}}